{"id":4632,"date":"2025-09-09T17:00:20","date_gmt":"2025-09-09T21:00:20","guid":{"rendered":"https:\/\/vkhhometour.ca\/?post_type=product&#038;p=4632"},"modified":"2025-10-30T19:12:31","modified_gmt":"2025-10-30T23:12:31","slug":"billets-pour-la-tournee-des-maisons-decorees-pour-noel-2025","status":"publish","type":"product","link":"https:\/\/vkhhometour.ca\/fr\/shop\/billets-pour-la-tournee-des-maisons-decorees-pour-noel-2025\/","title":{"rendered":"Billets pour la Tourn\u00e9e des maisons d\u00e9cor\u00e9es pour No\u00ebl 2025"},"content":{"rendered":"<div class=\"flex-shrink-0 flex flex-col relative items-end\">\n<div class=\"pt-0\">\n<div class=\"gizmo-bot-avatar flex h-8 w-8 items-center justify-center overflow-hidden rounded-full\">\n<div class=\"relative p-1 rounded-sm flex items-center justify-center bg-token-main-surface-primary text-token-text-primary h-8 w-8\"><em>Dans la limite des stocks disponibles ou jusqu&rsquo;\u00e0 midi le mercredi 5 novembre 2025. Veuillez appeler les magasins pour v\u00e9rifier la disponibilit\u00e9.<\/em><\/div>\n<\/div>\n<\/div>\n<\/div>\n<div class=\"group\/conversation-turn relative flex w-full min-w-0 flex-col agent-turn\">\n<div class=\"flex-col gap-1 md:gap-3\">\n<div class=\"flex max-w-full flex-col flex-grow\">\n<div class=\"min-h-[20px] text-message flex w-full flex-col items-end gap-2 break-words [.text-message+&amp;]:mt-5 overflow-x-auto whitespace-normal\" dir=\"auto\" data-message-author-role=\"assistant\" data-message-id=\"a3001d21-99c6-441d-a364-7e4767f4057f\">\n<div class=\"flex w-full flex-col gap-1 empty:hidden first:pt-[3px]\">\n<div class=\"markdown prose w-full break-words dark:prose-invert dark\">\n<p>Avertissement :<br \/>\nLes organisateurs de l&rsquo;\u00e9v\u00e9nement ou les lieux ne seront PAS tenus responsables des accidents, incidents ou blessures survenant \u00e0 l&rsquo;int\u00e9rieur ou \u00e0 l&rsquo;ext\u00e9rieur des lieux. En cas d&rsquo;annulation due \u00e0 des catastrophes naturelles, les billets ne seront pas rembours\u00e9s. Les organisateurs de l&rsquo;\u00e9v\u00e9nement ne sont PAS responsables de la perte des billets.<\/p>\n<\/div>\n<\/div>\n<\/div>\n<\/div>\n<\/div>\n<\/div>\n","protected":false},"excerpt":{"rendered":"<p style=\"font-weight: 400;\">Billets en pr\u00e9vente uniquement ! Les billets en ligne co\u00fbtent 35 $ (TVH comprise).<\/p>\n<p style=\"font-weight: 400;\">Si vous achetez votre billet en ligne, veuillez imprimer votre facture et l&rsquo;apporter au bureau de The Review, situ\u00e9 au 76 est, rue Main \u00e0 Vankleek Hill, \u00e0 partir de 8 h 30 le jour de la visite. Vous pouvez \u00e9galement vous y rendre avant le jour de la visite pour r\u00e9cup\u00e9rer votre billet et la \u00ab carte de la visite \u00bb des maisons, ou t\u00e9l\u00e9charger une copie du \u00ab programme complet \u00bb en cliquant ICI.<\/p>\n<p style=\"font-weight: 400;\">Veuillez noter que vos billets ne vous seront pas exp\u00e9di\u00e9s et doivent \u00eatre r\u00e9cup\u00e9r\u00e9s \u00e0 The Review.<\/p>\n","protected":false},"featured_media":4816,"comment_status":"closed","ping_status":"closed","template":"","meta":{"_uag_custom_page_level_css":""},"product_brand":[],"product_cat":[31],"product_tag":[],"class_list":{"0":"post-4632","1":"product","2":"type-product","3":"status-publish","4":"has-post-thumbnail","6":"product_cat-billets","8":"first","9":"outofstock","10":"featured","11":"taxable","12":"shipping-taxable","13":"purchasable","14":"product-type-simple"},"uagb_featured_image_src":{"full":["https:\/\/vkhhometour.ca\/wp-content\/uploads\/2025\/02\/LochStreet-600x600-1.jpg",600,600,false],"thumbnail":["https:\/\/vkhhometour.ca\/wp-content\/uploads\/2025\/02\/LochStreet-600x600-1-150x150.jpg",150,150,true],"medium":["https:\/\/vkhhometour.ca\/wp-content\/uploads\/2025\/02\/LochStreet-600x600-1-300x300.jpg",300,300,true],"medium_large":["https:\/\/vkhhometour.ca\/wp-content\/uploads\/2025\/02\/LochStreet-600x600-1.jpg",600,600,false],"large":["https:\/\/vkhhometour.ca\/wp-content\/uploads\/2025\/02\/LochStreet-600x600-1.jpg",600,600,false],"1536x1536":["https:\/\/vkhhometour.ca\/wp-content\/uploads\/2025\/02\/LochStreet-600x600-1.jpg",600,600,false],"2048x2048":["https:\/\/vkhhometour.ca\/wp-content\/uploads\/2025\/02\/LochStreet-600x600-1.jpg",600,600,false],"woocommerce_thumbnail":["https:\/\/vkhhometour.ca\/wp-content\/uploads\/2025\/02\/LochStreet-600x600-1-300x300.jpg",300,300,true],"woocommerce_single":["https:\/\/vkhhometour.ca\/wp-content\/uploads\/2025\/02\/LochStreet-600x600-1.jpg",600,600,false],"woocommerce_gallery_thumbnail":["https:\/\/vkhhometour.ca\/wp-content\/uploads\/2025\/02\/LochStreet-600x600-1-100x100.jpg",100,100,true]},"uagb_author_info":{"display_name":"Sharon MacRae","author_link":"https:\/\/vkhhometour.ca\/fr\/author\/"},"uagb_comment_info":0,"uagb_excerpt":"Billets en pr\u00e9vente uniquement ! Les billets en ligne co\u00fbtent 35 $ (TVH comprise). Si vous achetez votre billet en ligne, veuillez imprimer votre facture et l'apporter au bureau de The Review, situ\u00e9 au 76 est, rue Main \u00e0 Vankleek Hill, \u00e0 partir de 8 h 30 le jour de la visite. Vous pouvez \u00e9galement\u2026","_links":{"self":[{"href":"https:\/\/vkhhometour.ca\/fr\/wp-json\/wp\/v2\/product\/4632","targetHints":{"allow":["GET"]}}],"collection":[{"href":"https:\/\/vkhhometour.ca\/fr\/wp-json\/wp\/v2\/product"}],"about":[{"href":"https:\/\/vkhhometour.ca\/fr\/wp-json\/wp\/v2\/types\/product"}],"replies":[{"embeddable":true,"href":"https:\/\/vkhhometour.ca\/fr\/wp-json\/wp\/v2\/comments?post=4632"}],"wp:featuredmedia":[{"embeddable":true,"href":"https:\/\/vkhhometour.ca\/fr\/wp-json\/wp\/v2\/media\/4816"}],"wp:attachment":[{"href":"https:\/\/vkhhometour.ca\/fr\/wp-json\/wp\/v2\/media?parent=4632"}],"wp:term":[{"taxonomy":"product_brand","embeddable":true,"href":"https:\/\/vkhhometour.ca\/fr\/wp-json\/wp\/v2\/product_brand?post=4632"},{"taxonomy":"product_cat","embeddable":true,"href":"https:\/\/vkhhometour.ca\/fr\/wp-json\/wp\/v2\/product_cat?post=4632"},{"taxonomy":"product_tag","embeddable":true,"href":"https:\/\/vkhhometour.ca\/fr\/wp-json\/wp\/v2\/product_tag?post=4632"}],"curies":[{"name":"wp","href":"https:\/\/api.w.org\/{rel}","templated":true}]}}