{"id":5829,"date":"2025-08-24T22:01:35","date_gmt":"2025-08-25T02:01:35","guid":{"rendered":"https:\/\/vkhhometour.ca\/?page_id=5829"},"modified":"2025-09-05T21:14:28","modified_gmt":"2025-09-06T01:14:28","slug":"nos-beneficiaires","status":"publish","type":"page","link":"https:\/\/vkhhometour.ca\/fr\/nos-beneficiaires\/","title":{"rendered":"Nos b\u00e9n\u00e9ficiaires"},"content":{"rendered":"\n<div class=\"wp-block-cover is-light\" style=\"margin-top:0;margin-bottom:40px;padding-top:0%;padding-bottom:0%;min-height:250px;aspect-ratio:unset;\"><span aria-hidden=\"true\" class=\"wp-block-cover__background has-background-dim-0 has-background-dim\" style=\"background-color:#928a86\"><\/span><img loading=\"lazy\" decoding=\"async\" width=\"1200\" height=\"675\" src=\"https:\/\/vkhhometour.ca\/wp-content\/uploads\/2025\/08\/lochst-1200x675-1.jpg\" class=\"wp-block-cover__image-background wp-post-image\" alt=\"\" data-object-fit=\"cover\" data-object-position=\"58% 42%\" style=\"object-position:58% 42%;\" srcset=\"https:\/\/vkhhometour.ca\/wp-content\/uploads\/2025\/08\/lochst-1200x675-1.jpg 1200w, https:\/\/vkhhometour.ca\/wp-content\/uploads\/2025\/08\/lochst-1200x675-1-300x169.jpg 300w, https:\/\/vkhhometour.ca\/wp-content\/uploads\/2025\/08\/lochst-1200x675-1-1024x576.jpg 1024w, https:\/\/vkhhometour.ca\/wp-content\/uploads\/2025\/08\/lochst-1200x675-1-768x432.jpg 768w, https:\/\/vkhhometour.ca\/wp-content\/uploads\/2025\/08\/lochst-1200x675-1-600x338.jpg 600w\" sizes=\"auto, (max-width: 1200px) 100vw, 1200px\" \/><div class=\"wp-block-cover__inner-container is-layout-constrained wp-container-core-cover-is-layout-05ead057 wp-block-cover-is-layout-constrained\">\n<p class=\"has-text-align-center has-large-font-size\"><\/p>\n<\/div><\/div>\n\n<p>Nos b\u00e9n\u00e9ficiaires :<\/p>\n\n<ul class=\"wp-block-list\">\n<li><a href=\"http:\/\/www.vkhnature.ca\/\" target=\"_blank\" rel=\"noreferrer noopener\">The Vankleek Hill and District Nature Society<\/a><\/li>\n\n\n\n<li><a href=\"https:\/\/www.vkhhorticultural.ca\/\" target=\"_blank\" rel=\"noreferrer noopener\">The Vankleek Hill and District Horticultural Society<\/a><\/li>\n\n\n\n<li><a href=\"https:\/\/www.vankleek.ca\/\" target=\"_blank\" rel=\"noreferrer noopener\">The Vankleek Hill and District Historical Society<\/a><\/li>\n\n\n\n<li><a href=\"https:\/\/arksharvest.com\/\" target=\"_blank\" rel=\"noreferrer noopener\">Arks Harvest<\/a><\/li>\n\n\n\n<li><a href=\"https:\/\/www.mealsonwheels.ca\/\" target=\"_blank\" rel=\"noreferrer noopener\">Meals on Wheels<\/a><\/li>\n\n\n\n<li><a href=\"https:\/\/arborgallery.org\/\" target=\"_blank\" rel=\"noreferrer noopener\">Galerie Arbor<\/a><\/li>\n<\/ul>\n\n<div style=\"height:20px\" aria-hidden=\"true\" class=\"wp-block-spacer\"><\/div>\n\n<p>Nos b\u00e9n\u00e9ficiaires \u00e0 but non lucratif partagent les recettes de la Visite des maisons d\u00e9cor\u00e9es pour No\u00ebl \u00e0 Vankleek Hill. En \u00e9change, ces groupes nous fournissent environ la moiti\u00e9 des b\u00e9n\u00e9voles n\u00e9cessaires pour organiser un \u00e9v\u00e9nement de cette envergure. En 2024, nos partenaires \u00e0 but non lucratif ont chacun re\u00e7u 900 $ provenant de la Visite des maisons d\u00e9cor\u00e9es pour No\u00ebl 2024.   <\/p>\n","protected":false},"excerpt":{"rendered":"<p>Nos b\u00e9n\u00e9ficiaires : Nos b\u00e9n\u00e9ficiaires \u00e0 but non lucratif partagent les recettes de la Visite des maisons d\u00e9cor\u00e9es pour No\u00ebl \u00e0 Vankleek Hill. En \u00e9change, ces groupes nous fournissent environ la moiti\u00e9 des b\u00e9n\u00e9voles n\u00e9cessaires pour organiser un \u00e9v\u00e9nement de cette envergure. En 2024, nos partenaires \u00e0 but non lucratif ont chacun re\u00e7u 900 $&hellip;<\/p>\n","protected":false},"author":1001003,"featured_media":4867,"parent":0,"menu_order":0,"comment_status":"closed","ping_status":"closed","template":"","meta":{"_uag_custom_page_level_css":"","footnotes":""},"class_list":["post-5829","page","type-page","status-publish","has-post-thumbnail","hentry"],"uagb_featured_image_src":{"full":["https:\/\/vkhhometour.ca\/wp-content\/uploads\/2025\/08\/lochst-1200x675-1.jpg",1200,675,false],"thumbnail":["https:\/\/vkhhometour.ca\/wp-content\/uploads\/2025\/08\/lochst-1200x675-1-150x150.jpg",150,150,true],"medium":["https:\/\/vkhhometour.ca\/wp-content\/uploads\/2025\/08\/lochst-1200x675-1-300x169.jpg",300,169,true],"medium_large":["https:\/\/vkhhometour.ca\/wp-content\/uploads\/2025\/08\/lochst-1200x675-1-768x432.jpg",768,432,true],"large":["https:\/\/vkhhometour.ca\/wp-content\/uploads\/2025\/08\/lochst-1200x675-1-1024x576.jpg",1024,576,true],"1536x1536":["https:\/\/vkhhometour.ca\/wp-content\/uploads\/2025\/08\/lochst-1200x675-1.jpg",1200,675,false],"2048x2048":["https:\/\/vkhhometour.ca\/wp-content\/uploads\/2025\/08\/lochst-1200x675-1.jpg",1200,675,false],"woocommerce_thumbnail":["https:\/\/vkhhometour.ca\/wp-content\/uploads\/2025\/08\/lochst-1200x675-1-300x300.jpg",300,300,true],"woocommerce_single":["https:\/\/vkhhometour.ca\/wp-content\/uploads\/2025\/08\/lochst-1200x675-1-600x338.jpg",600,338,true],"woocommerce_gallery_thumbnail":["https:\/\/vkhhometour.ca\/wp-content\/uploads\/2025\/08\/lochst-1200x675-1-100x100.jpg",100,100,true]},"uagb_author_info":{"display_name":"Sharon MacRae","author_link":"https:\/\/vkhhometour.ca\/fr\/author\/sharon\/"},"uagb_comment_info":0,"uagb_excerpt":"Nos b\u00e9n\u00e9ficiaires : Nos b\u00e9n\u00e9ficiaires \u00e0 but non lucratif partagent les recettes de la Visite des maisons d\u00e9cor\u00e9es pour No\u00ebl \u00e0 Vankleek Hill. En \u00e9change, ces groupes nous fournissent environ la moiti\u00e9 des b\u00e9n\u00e9voles n\u00e9cessaires pour organiser un \u00e9v\u00e9nement de cette envergure. En 2024, nos partenaires \u00e0 but non lucratif ont chacun re\u00e7u 900 $&hellip;","_links":{"self":[{"href":"https:\/\/vkhhometour.ca\/fr\/wp-json\/wp\/v2\/pages\/5829","targetHints":{"allow":["GET"]}}],"collection":[{"href":"https:\/\/vkhhometour.ca\/fr\/wp-json\/wp\/v2\/pages"}],"about":[{"href":"https:\/\/vkhhometour.ca\/fr\/wp-json\/wp\/v2\/types\/page"}],"author":[{"embeddable":true,"href":"https:\/\/vkhhometour.ca\/fr\/wp-json\/wp\/v2\/users\/1001003"}],"replies":[{"embeddable":true,"href":"https:\/\/vkhhometour.ca\/fr\/wp-json\/wp\/v2\/comments?post=5829"}],"version-history":[{"count":8,"href":"https:\/\/vkhhometour.ca\/fr\/wp-json\/wp\/v2\/pages\/5829\/revisions"}],"predecessor-version":[{"id":5951,"href":"https:\/\/vkhhometour.ca\/fr\/wp-json\/wp\/v2\/pages\/5829\/revisions\/5951"}],"wp:featuredmedia":[{"embeddable":true,"href":"https:\/\/vkhhometour.ca\/fr\/wp-json\/wp\/v2\/media\/4867"}],"wp:attachment":[{"href":"https:\/\/vkhhometour.ca\/fr\/wp-json\/wp\/v2\/media?parent=5829"}],"curies":[{"name":"wp","href":"https:\/\/api.w.org\/{rel}","templated":true}]}}