{"id":3527,"date":"2024-03-13T12:53:50","date_gmt":"2024-03-13T16:53:50","guid":{"rendered":"https:\/\/vkhhometour.mystagingwebsite.com\/choses-a-faire-2\/"},"modified":"2025-10-11T00:41:09","modified_gmt":"2025-10-11T04:41:09","slug":"choses-a-faire-1","status":"publish","type":"page","link":"https:\/\/vkhhometour.ca\/fr\/choses-a-faire-1\/","title":{"rendered":"Choses \u00e0 faire"},"content":{"rendered":"\n<div class=\"wp-block-cover is-light\" style=\"margin-top:0;margin-bottom:40px;padding-top:0%;padding-bottom:0%;min-height:250px;aspect-ratio:unset;\"><span aria-hidden=\"true\" class=\"wp-block-cover__background has-background-dim-0 has-background-dim\" style=\"background-color:#9d7b63\"><\/span><img loading=\"lazy\" decoding=\"async\" width=\"1200\" height=\"675\" src=\"https:\/\/vkhhometour.ca\/wp-content\/uploads\/2025\/08\/lochst-3-1200x675-1.jpg\" class=\"wp-block-cover__image-background wp-post-image\" alt=\"\" data-object-fit=\"cover\" data-object-position=\"81% 88%\" style=\"object-position:81% 88%;\" srcset=\"https:\/\/vkhhometour.ca\/wp-content\/uploads\/2025\/08\/lochst-3-1200x675-1.jpg 1200w, https:\/\/vkhhometour.ca\/wp-content\/uploads\/2025\/08\/lochst-3-1200x675-1-300x169.jpg 300w, https:\/\/vkhhometour.ca\/wp-content\/uploads\/2025\/08\/lochst-3-1200x675-1-1024x576.jpg 1024w, https:\/\/vkhhometour.ca\/wp-content\/uploads\/2025\/08\/lochst-3-1200x675-1-768x432.jpg 768w, https:\/\/vkhhometour.ca\/wp-content\/uploads\/2025\/08\/lochst-3-1200x675-1-600x338.jpg 600w\" sizes=\"auto, (max-width: 1200px) 100vw, 1200px\" \/><div class=\"wp-block-cover__inner-container is-layout-constrained wp-container-core-cover-is-layout-05ead057 wp-block-cover-is-layout-constrained\">\n<p class=\"has-text-align-center has-large-font-size\"><\/p>\n<\/div><\/div>\n\n<p class=\"has-text-align-center\" style=\"text-transform:uppercase\"><strong>Choses \u00e0 faire le jour de la Tourn\u00e9e.<\/strong><\/p>\n\n<p class=\"has-text-align-center\" style=\"font-size:clamp(14px, 0.875rem + ((1vw - 3.2px) * 0.455), 18px);\">Profitez de toutes les autres attractions pendant que vous \u00eates ici !<\/p>\n\n<div style=\"height:10px\" aria-hidden=\"true\" class=\"wp-block-spacer\"><\/div>\n\n<hr class=\"wp-block-separator has-text-color has-primary-color has-alpha-channel-opacity has-primary-background-color has-background is-style-wide\" style=\"margin-top:0;margin-bottom:0\"\/>\n\n<div style=\"height:20px\" aria-hidden=\"true\" class=\"wp-block-spacer\"><\/div>\n\n<div class=\"wp-block-uagb-advanced-heading uagb-block-377b0adc\"><h2 class=\"uagb-heading-text\">ATTRACTIONS SP\u00c9CIALES<\/h2><\/div>\n\n<div class=\"wp-block-uagb-container uagb-block-26f96687 default uagb-is-root-container\">\n<div class=\"wp-block-group is-layout-constrained wp-block-group-is-layout-constrained\">\n<p class=\"has-text-align-center has-background-color has-primary-background-color has-text-color has-background has-link-color wp-elements-5a530900fd7ab2b9bd2d3ddf44620fa5 wp-container-content-69bc4bdf\"><strong>Vankleek Hill Museum<\/strong><\/p>\n\n\n\n<p class=\"wp-container-content-69bc4bdf\" style=\"padding-right:var(--wp--preset--spacing--30);padding-left:var(--wp--preset--spacing--30)\">Mus\u00e9e Vankleek Hill : Visitez un magasin g\u00e9n\u00e9ral \u00e0 l&rsquo;ancienne \u00e0 No\u00ebl au 95 est, rue Main ! Vous \u00eates invit\u00e9s \u00e0 remonter le temps au Mus\u00e9e Vankleek Hill pour vivre une exp\u00e9rience de No\u00ebl \u00e0 l&rsquo;ancienne. Des p\u00e2tisseries et des articles de d\u00e9coration de No\u00ebl faits \u00e0 la main seront en vente. Le personnel sera v\u00eatu de costumes d&rsquo;\u00e9poque pour vous accueillir !   <\/p>\n<\/div>\n\n\n\n<div class=\"wp-block-group is-layout-constrained wp-block-group-is-layout-constrained\">\n<p class=\"has-text-align-center has-background-color has-primary-background-color has-text-color has-background has-link-color wp-elements-4e91d166a7fca0bf0bfb278db79b26c0 wp-container-content-69bc4bdf\"><strong>\u00c9glise Saint-Gr\u00e9goire<\/strong><\/p>\n\n\n\n<p class=\"wp-container-content-69bc4bdf\" style=\"padding-right:var(--wp--preset--spacing--30);padding-left:var(--wp--preset--spacing--30)\">M\u00e9ga vente de p\u00e2tisseries, Vente de d\u00e9corations de No\u00ebl \u00e0 peine utilis\u00e9es, Tirages d&rsquo;un gros panier de No\u00ebl et d&rsquo;un Centre de table de No\u00ebl et de Certificats cadeaux, Exposition des \u0153uvres de Nathalie Freni\u00e8re peintre, et \u00e9talage d&rsquo;artisanat.<\/p>\n<\/div>\n\n\n\n<div class=\"wp-block-group is-layout-constrained wp-block-group-is-layout-constrained\">\n<p class=\"has-text-align-center has-background-color has-primary-background-color has-text-color has-background has-link-color wp-elements-cd9471278ce179b617776402060b54f9\"><strong>March\u00e9 champ\u00eatre de Vankleek Hill<\/strong><\/p>\n\n\n\n<p class=\"wp-container-content-69bc4bdf\" style=\"padding-right:var(--wp--preset--spacing--30);padding-left:var(--wp--preset--spacing--30)\">Ouvert de 9 h 30 \u00e0 15 h au 50, avenue Home. Des aliments et des produits locaux uniques en leur genre pour rendre vos f\u00eates encore plus sp\u00e9ciales ! <\/p>\n<\/div>\n\n\n\n<div class=\"wp-block-group is-layout-constrained wp-container-core-group-is-layout-5b4f2b0a wp-block-group-is-layout-constrained\" style=\"padding-right:var(--wp--preset--spacing--30);padding-left:var(--wp--preset--spacing--30)\">\n<p class=\"has-text-align-center has-background-color has-primary-background-color has-text-color has-background has-link-color wp-elements-a671c387fff3e114c85a0359cc8320d4 wp-container-content-69bc4bdf\"><strong>March\u00e9 des artisans de No\u00ebl de l\u2019\u00e9cole Saint-Gr\u00e9goire<\/strong><\/p>\n\n\n\n<p class=\"wp-container-content-69bc4bdf\" style=\"padding-right:var(--wp--preset--spacing--30);padding-left:var(--wp--preset--spacing--30)\">De 10h \u00e0 16h, d\u00e9couvrez les artisans locaux et leurs produits dans le gymnase de l\u2019\u00e9cole. Dans le m\u00eame b\u00e2timent que le March\u00e9 champ\u00eatre de Vankleek Hill. <\/p>\n<\/div>\n\n\n\n<div class=\"wp-block-group is-layout-constrained wp-container-core-group-is-layout-5b4f2b0a wp-block-group-is-layout-constrained\" style=\"padding-right:var(--wp--preset--spacing--30);padding-left:var(--wp--preset--spacing--30)\">\n<p class=\"has-text-align-center has-background-color has-primary-background-color has-text-color has-background has-link-color wp-elements-c06dd3bd6e394d13db543015f5d1e2d6 wp-container-content-69bc4bdf\"><strong>Yellow Rose Photography<\/strong><\/p>\n\n\n\n<p class=\"wp-container-content-69bc4bdf\" style=\"padding-right:var(--wp--preset--spacing--30);padding-left:var(--wp--preset--spacing--30)\">Retrouve tes amis pour te faire prendre en photo par Kayla Whittall de Yellow Rose Photography !<br\/>Profitez d\u2019un excellent souvenir d\u2019une journ\u00e9e remplie de l\u2019esprit des f\u00eates ! <\/p>\n\n\n\n<p style=\"padding-right:var(--wp--preset--spacing--30);padding-left:var(--wp--preset--spacing--30)\">Trouvez Yellow Rose Photography au 44 rue High sur le porche victorien \u00e0 gauche de la porte d\u2019entr\u00e9e de la maison ! <\/p>\n\n\n\n<p class=\"wp-container-content-69bc4bdf\" style=\"padding-right:var(--wp--preset--spacing--30);padding-left:var(--wp--preset--spacing--30)\">Remarque : Un petit frais sera factur\u00e9 pour faire prendre votre photo et vous \u00eatre envoy\u00e9 par courriel.<\/p>\n<\/div>\n\n\n\n<div class=\"wp-block-group is-layout-constrained wp-container-core-group-is-layout-5b4f2b0a wp-block-group-is-layout-constrained\" style=\"padding-right:var(--wp--preset--spacing--30);padding-left:var(--wp--preset--spacing--30)\">\n<p class=\"has-text-align-center has-background-color has-primary-background-color has-text-color has-background has-link-color wp-elements-adcb03d1fed148b4217b0781169b93b6 wp-container-content-69bc4bdf\"><strong>Ouimet Farms Adventure<\/strong><\/p>\n\n\n\n<p class=\"wp-container-content-69bc4bdf\" style=\"padding-right:var(--wp--preset--spacing--30);padding-left:var(--wp--preset--spacing--30)\">63 Main Street West, Vankleek Hill <\/p>\n\n\n\n<p style=\"padding-right:var(--wp--preset--spacing--30);padding-left:var(--wp--preset--spacing--30)\">Venez d\u00e9guster un chocolat chaud et des friandises tout en admirant une exposition de bonhommes de neige. Prenez une photo avec le tra\u00eeneau rouge. Ne manquez pas le Popsilo !   <\/p>\n\n\n\n<p class=\"wp-container-content-69bc4bdf\" style=\"padding-right:var(--wp--preset--spacing--30);padding-left:var(--wp--preset--spacing--30)\"><br\/>Ce site dispose d&rsquo;un stationnement suppl\u00e9mentaire. Si vous retrouvez des amis, pensez \u00e0 vous garer ici, puis \u00e0 prendre une seule voiture pour profiter de votre journ\u00e9e \u00e0 Vankleek Hill.<\/p>\n\n\n\n<p class=\"wp-container-content-69bc4bdf\" style=\"padding-right:var(--wp--preset--spacing--30);padding-left:var(--wp--preset--spacing--30)\">*Toilettes disponibles.*<\/p>\n<\/div>\n\n\n\n<div class=\"wp-block-group is-layout-constrained wp-container-core-group-is-layout-5b4f2b0a wp-block-group-is-layout-constrained\" style=\"padding-right:var(--wp--preset--spacing--30);padding-left:var(--wp--preset--spacing--30)\">\n<p class=\"has-text-align-center has-background-color has-primary-background-color has-text-color has-background has-link-color wp-elements-87d51d44ea29b699176381d64d29d791 wp-container-content-69bc4bdf\"><strong>Boutique \u00e9ph\u00e9m\u00e8re de No\u00ebl \u00ab The Cottage \u00bb<\/strong><\/p>\n\n\n\n<p class=\"wp-container-content-69bc4bdf\" style=\"padding-right:var(--wp--preset--spacing--30);padding-left:var(--wp--preset--spacing--30)\">14 rue Mill : UNE JOURN\u00c9E SEULEMENT ! The Cottage pr\u00e9sente sa boutique \u00e9ph\u00e9m\u00e8re de No\u00ebl ! Nous accueillons de nouveau Teresa Brown et The Cottage avec une boutique de No\u00ebl magique \u00e0 l&rsquo;int\u00e9rieur de la salle paroissiale de l\u2019\u00e9glise Trinity United ! Juste en face de l&rsquo;une de nos maisons vedettes. Ne manquez pas \u00e7a ! Pr\u00e9parez-vous \u00e0 faire la f\u00eate !     <\/p>\n<\/div>\n\n\n\n<div class=\"wp-block-group is-layout-constrained wp-container-core-group-is-layout-5b4f2b0a wp-block-group-is-layout-constrained\" style=\"padding-right:var(--wp--preset--spacing--30);padding-left:var(--wp--preset--spacing--30)\">\n<div class=\"wp-block-group wp-container-content-69bc4bdf is-layout-constrained wp-container-core-group-is-layout-ff778368 wp-block-group-is-layout-constrained\" style=\"padding-right:var(--wp--preset--spacing--30);padding-left:var(--wp--preset--spacing--30)\">\n<p class=\"has-text-align-center has-background-color has-primary-background-color has-text-color has-background has-link-color wp-elements-8516b5c00a7ef3b9ce13b15792266ee3 wp-container-content-69bc4bdf\"><strong>Vankleek Hill Quilters Guild<\/strong><\/p>\n\n\n\n<p class=\"wp-container-content-69bc4bdf\" style=\"padding-right:0;padding-left:0\"><strong>Exposition de courtepointes : \u2018<\/strong>Vankleek Hill Quilters Guild\u2019 pr\u00e9sentera ses courtepointes \u00e0 l\u2019\u00e9glise presbyt\u00e9rienne Knox lors de la journ\u00e9e de visite des maisons. Entr\u00e9e gratuite ! <\/p>\n\n\n\n<p><strong>\u00c0 : <\/strong>29, rue High, Vankleek Hill<\/p>\n\n\n\n<p><strong>Info.:<\/strong> <a href=\"https:\/\/www.facebook.com\/p\/Vankleek-Hill-Quilt-Guild-100064984622462\/\" target=\"_blank\" rel=\"noreferrer noopener\">Facebook Vankleek Hill Quilt Guild<\/a><\/p>\n\n\n\n<p><strong>Date : <\/strong>samedi 8 novembre 2025<\/p>\n\n\n\n<p class=\"wp-container-content-69bc4bdf\" style=\"padding-right:0;padding-left:0\"><strong>De<\/strong> 10 h \u00e0 16 h<\/p>\n<\/div>\n<\/div>\n<\/div>\n\n<div style=\"height:50px\" aria-hidden=\"true\" class=\"wp-block-spacer\"><\/div>\n","protected":false},"excerpt":{"rendered":"<p>Choses \u00e0 faire le jour de la Tourn\u00e9e. Profitez de toutes les autres attractions pendant que vous \u00eates ici ! ATTRACTIONS SP\u00c9CIALES Vankleek Hill Museum Mus\u00e9e Vankleek Hill : Visitez un magasin g\u00e9n\u00e9ral \u00e0 l&rsquo;ancienne \u00e0 No\u00ebl au 95 est, rue Main ! Vous \u00eates invit\u00e9s \u00e0 remonter le temps au Mus\u00e9e Vankleek Hill pour&hellip;<\/p>\n","protected":false},"author":1001125,"featured_media":4889,"parent":0,"menu_order":0,"comment_status":"closed","ping_status":"closed","template":"","meta":{"_uag_custom_page_level_css":"","footnotes":""},"class_list":["post-3527","page","type-page","status-publish","has-post-thumbnail","hentry"],"uagb_featured_image_src":{"full":["https:\/\/vkhhometour.ca\/wp-content\/uploads\/2025\/08\/lochst-3-1200x675-1.jpg",1200,675,false],"thumbnail":["https:\/\/vkhhometour.ca\/wp-content\/uploads\/2025\/08\/lochst-3-1200x675-1-150x150.jpg",150,150,true],"medium":["https:\/\/vkhhometour.ca\/wp-content\/uploads\/2025\/08\/lochst-3-1200x675-1-300x169.jpg",300,169,true],"medium_large":["https:\/\/vkhhometour.ca\/wp-content\/uploads\/2025\/08\/lochst-3-1200x675-1-768x432.jpg",768,432,true],"large":["https:\/\/vkhhometour.ca\/wp-content\/uploads\/2025\/08\/lochst-3-1200x675-1-1024x576.jpg",1024,576,true],"1536x1536":["https:\/\/vkhhometour.ca\/wp-content\/uploads\/2025\/08\/lochst-3-1200x675-1.jpg",1200,675,false],"2048x2048":["https:\/\/vkhhometour.ca\/wp-content\/uploads\/2025\/08\/lochst-3-1200x675-1.jpg",1200,675,false],"woocommerce_thumbnail":["https:\/\/vkhhometour.ca\/wp-content\/uploads\/2025\/08\/lochst-3-1200x675-1-300x300.jpg",300,300,true],"woocommerce_single":["https:\/\/vkhhometour.ca\/wp-content\/uploads\/2025\/08\/lochst-3-1200x675-1-600x338.jpg",600,338,true],"woocommerce_gallery_thumbnail":["https:\/\/vkhhometour.ca\/wp-content\/uploads\/2025\/08\/lochst-3-1200x675-1-100x100.jpg",100,100,true]},"uagb_author_info":{"display_name":"jbg_consult","author_link":"https:\/\/vkhhometour.ca\/fr\/author\/josef\/"},"uagb_comment_info":0,"uagb_excerpt":"Choses \u00e0 faire le jour de la Tourn\u00e9e. Profitez de toutes les autres attractions pendant que vous \u00eates ici ! ATTRACTIONS SP\u00c9CIALES Vankleek Hill Museum Mus\u00e9e Vankleek Hill : Visitez un magasin g\u00e9n\u00e9ral \u00e0 l&rsquo;ancienne \u00e0 No\u00ebl au 95 est, rue Main ! Vous \u00eates invit\u00e9s \u00e0 remonter le temps au Mus\u00e9e Vankleek Hill pour&hellip;","_links":{"self":[{"href":"https:\/\/vkhhometour.ca\/fr\/wp-json\/wp\/v2\/pages\/3527","targetHints":{"allow":["GET"]}}],"collection":[{"href":"https:\/\/vkhhometour.ca\/fr\/wp-json\/wp\/v2\/pages"}],"about":[{"href":"https:\/\/vkhhometour.ca\/fr\/wp-json\/wp\/v2\/types\/page"}],"author":[{"embeddable":true,"href":"https:\/\/vkhhometour.ca\/fr\/wp-json\/wp\/v2\/users\/1001125"}],"replies":[{"embeddable":true,"href":"https:\/\/vkhhometour.ca\/fr\/wp-json\/wp\/v2\/comments?post=3527"}],"version-history":[{"count":27,"href":"https:\/\/vkhhometour.ca\/fr\/wp-json\/wp\/v2\/pages\/3527\/revisions"}],"predecessor-version":[{"id":6434,"href":"https:\/\/vkhhometour.ca\/fr\/wp-json\/wp\/v2\/pages\/3527\/revisions\/6434"}],"wp:featuredmedia":[{"embeddable":true,"href":"https:\/\/vkhhometour.ca\/fr\/wp-json\/wp\/v2\/media\/4889"}],"wp:attachment":[{"href":"https:\/\/vkhhometour.ca\/fr\/wp-json\/wp\/v2\/media?parent=3527"}],"curies":[{"name":"wp","href":"https:\/\/api.w.org\/{rel}","templated":true}]}}