{"id":3524,"date":"2024-03-13T12:53:36","date_gmt":"2024-03-13T16:53:36","guid":{"rendered":"https:\/\/vkhhometour.mystagingwebsite.com\/navettes-2\/"},"modified":"2025-11-05T07:48:34","modified_gmt":"2025-11-05T12:48:34","slug":"navettes","status":"publish","type":"page","link":"https:\/\/vkhhometour.ca\/fr\/navettes\/","title":{"rendered":"Navettes"},"content":{"rendered":"\n<div class=\"wp-block-cover is-light\" style=\"margin-top:0;margin-bottom:40px;padding-top:0%;padding-bottom:0%;min-height:250px;aspect-ratio:unset;\"><span aria-hidden=\"true\" class=\"wp-block-cover__background has-background-dim-0 has-background-dim\" style=\"background-color:#928a86\"><\/span><img loading=\"lazy\" decoding=\"async\" width=\"1200\" height=\"675\" src=\"https:\/\/vkhhometour.ca\/wp-content\/uploads\/2025\/08\/ridgeroad-2-1200x675-1.jpg\" class=\"wp-block-cover__image-background wp-post-image\" alt=\"\" data-object-fit=\"cover\" data-object-position=\"92% 66%\" style=\"object-position:92% 66%;\" srcset=\"https:\/\/vkhhometour.ca\/wp-content\/uploads\/2025\/08\/ridgeroad-2-1200x675-1.jpg 1200w, https:\/\/vkhhometour.ca\/wp-content\/uploads\/2025\/08\/ridgeroad-2-1200x675-1-300x169.jpg 300w, https:\/\/vkhhometour.ca\/wp-content\/uploads\/2025\/08\/ridgeroad-2-1200x675-1-1024x576.jpg 1024w, https:\/\/vkhhometour.ca\/wp-content\/uploads\/2025\/08\/ridgeroad-2-1200x675-1-768x432.jpg 768w, https:\/\/vkhhometour.ca\/wp-content\/uploads\/2025\/08\/ridgeroad-2-1200x675-1-600x338.jpg 600w\" sizes=\"auto, (max-width: 1200px) 100vw, 1200px\" \/><div class=\"wp-block-cover__inner-container is-layout-constrained wp-container-core-cover-is-layout-05ead057 wp-block-cover-is-layout-constrained\">\n<p class=\"has-text-align-center has-large-font-size\"><\/p>\n<\/div><\/div>\n\n<p class=\"has-text-align-center\" style=\"text-transform:uppercase\"><strong>Navettes<\/strong><\/p>\n\n<p class=\"has-text-align-center\" style=\"text-transform:uppercase\"><strong>Faciliter votre journ\u00e9e !<\/strong><\/p>\n\n<div style=\"height:20px\" aria-hidden=\"true\" class=\"wp-block-spacer\"><\/div>\n\n<div class=\"wp-block-columns is-layout-flex wp-container-core-columns-is-layout-1a9727ad wp-block-columns-is-layout-flex\" style=\"margin-top:0;margin-bottom:0\">\n<div class=\"wp-block-column is-layout-flow wp-block-column-is-layout-flow\">\n<p style=\"font-size:clamp(14px, 0.875rem + ((1vw - 3.2px) * 0.455), 18px);\">Nous avons trois navettes qui circulent toute la journ\u00e9e pour emmener les visiteurs aux cinq maisons de la ville qui font partie du circuit et \u00e0 la sixi\u00e8me maison (la sixi\u00e8me maison se trouve juste \u00e0 l&rsquo;ext\u00e9rieur de la ville), ainsi qu&rsquo;\u00e0 The Review et au mus\u00e9e Vankleek Hill \u2014 qui sont tous des arr\u00eats sur le parcours.<\/p>\n\n\n\n<p style=\"font-size:clamp(14px, 0.875rem + ((1vw - 3.2px) * 0.455), 18px);\">Nous travaillons \u00e0 nouveau avec Cuerrier Bus Lines. <\/p>\n\n\n\n<p style=\"font-size:clamp(14px, 0.875rem + ((1vw - 3.2px) * 0.455), 18px);\">Le point de d\u00e9part sera au journal The Review, situ\u00e9 au 76 est rue Main \u00e0 Vankleek Hill.<\/p>\n<\/div>\n\n\n\n<div class=\"wp-block-column is-layout-flow wp-block-column-is-layout-flow\">\n<p style=\"font-size:clamp(14px, 0.875rem + ((1vw - 3.2px) * 0.455), 18px);\">These stops will take you close to  the Knox Presbyterian Church (luncheon and quilt show), Trinity United Church Hall (The Cottage Pop-up Christmas Shop) and St. John\u2019s Anglican Church Hall (luncheon), where you can hop off to enjoy a luncheon and shopping!<\/p>\n\n\n\n<p style=\"font-size:clamp(14px, 0.875rem + ((1vw - 3.2px) * 0.455), 18px);\">Un guide de voyage bilingue vous accueillera \u00e0 chaque navette et sera avec vous pour r\u00e9pondre \u00e0 vos questions en cours de route entre les arr\u00eats! C\u2019est pourquoi nous mettons \u00e0 votre disposition trois navettes qui circulent toute la journ\u00e9e pour vous permettre de vous d\u00e9placer facilement d\u2019un endroit \u00e0 l\u2019autre, et vous ferez peut-\u00eatre de nouvelles rencontres en chemin !<\/p>\n<\/div>\n<\/div>\n\n<div style=\"height:20px\" aria-hidden=\"true\" class=\"wp-block-spacer\"><\/div>\n\n<div class=\"wp-block-group alignwide has-background is-layout-constrained wp-block-group-is-layout-constrained\" style=\"background-color:#6275482e\">\n<p class=\"has-text-align-center\" style=\"margin-top:var(--wp--preset--spacing--20);margin-right:0;margin-bottom:0;margin-left:0;padding-top:var(--wp--preset--spacing--30);padding-right:0;padding-bottom:0;padding-left:0;font-size:clamp(14px, 0.875rem + ((1vw - 3.2px) * 0.227), 16px);\"><strong>PLANIFIEZ VOTRE JOURN\u00c9E ! T\u00c9L\u00c9CHARGEZ LE PROGRAMME ET LE PLAN DE LA TOURN\u00c9E A L\u2019INT\u00c9RIEUR!<\/strong><\/p>\n\n\n\n<div class=\"wp-block-buttons alignwide is-content-justification-center is-layout-flex wp-container-core-buttons-is-layout-5447f9b0 wp-block-buttons-is-layout-flex\" style=\"margin-top:10px;padding-top:0px;padding-right:0;padding-bottom:0px\">\n<div class=\"wp-block-button has-custom-width wp-block-button__width-75 has-custom-font-size\"><a class=\"wp-block-button__link has-background-color has-primary-background-color has-text-color has-background has-link-color has-text-align-center wp-element-button\" href=\"https:\/\/vkhhometour.ca\/wp-content\/uploads\/2025\/11\/Programme-Map-Complete-2025-11-02-web.pdf\" target=\"_blank\" rel=\"noreferrer noopener\">Programme\/Carte<\/a><\/div>\n<\/div>\n<\/div>\n\n<div style=\"height:20px\" aria-hidden=\"true\" class=\"wp-block-spacer\"><\/div>\n\n<hr class=\"wp-block-separator has-alpha-channel-opacity\"\/>\n\n<p class=\"has-text-align-center has-accent-0-color has-text-color has-link-color wp-elements-adb520ca984beb48458218c64e0d2d4d\" style=\"font-size:clamp(14px, 0.875rem + ((1vw - 3.2px) * 0.455), 18px);\"><strong>Un grand merci \u00e0 Remax Delta Realty, situ\u00e9 au 1863 rue Laurier, Rockland, ON K4K 1M3, \u00e9galement avec une succursale \u00e0 Hawkesbury, pour avoir parrain\u00e9 les navettes de la Tourn\u00e9e des Maisons. <\/strong><\/p>\n\n<p class=\"has-text-align-center\" style=\"font-size:clamp(14px, 0.875rem + ((1vw - 3.2px) * 0.455), 18px);\"><strong>Composez le 343.765.7653 pour communiquer avec 28 agents immobiliers desservant l\u2019Est de l\u2019Ontario! <\/strong><\/p>\n\n<div style=\"height:20px\" aria-hidden=\"true\" class=\"wp-block-spacer\"><\/div>\n","protected":false},"excerpt":{"rendered":"<p>Navettes Faciliter votre journ\u00e9e ! Nous avons trois navettes qui circulent toute la journ\u00e9e pour emmener les visiteurs aux cinq maisons de la ville qui font partie du circuit et \u00e0 la sixi\u00e8me maison (la sixi\u00e8me maison se trouve juste \u00e0 l&rsquo;ext\u00e9rieur de la ville), ainsi qu&rsquo;\u00e0 The Review et au mus\u00e9e Vankleek Hill \u2014&hellip;<\/p>\n","protected":false},"author":1001003,"featured_media":4874,"parent":0,"menu_order":0,"comment_status":"closed","ping_status":"closed","template":"","meta":{"_uag_custom_page_level_css":"","footnotes":""},"class_list":["post-3524","page","type-page","status-publish","has-post-thumbnail","hentry"],"uagb_featured_image_src":{"full":["https:\/\/vkhhometour.ca\/wp-content\/uploads\/2025\/08\/ridgeroad-2-1200x675-1.jpg",1200,675,false],"thumbnail":["https:\/\/vkhhometour.ca\/wp-content\/uploads\/2025\/08\/ridgeroad-2-1200x675-1-150x150.jpg",150,150,true],"medium":["https:\/\/vkhhometour.ca\/wp-content\/uploads\/2025\/08\/ridgeroad-2-1200x675-1-300x169.jpg",300,169,true],"medium_large":["https:\/\/vkhhometour.ca\/wp-content\/uploads\/2025\/08\/ridgeroad-2-1200x675-1-768x432.jpg",768,432,true],"large":["https:\/\/vkhhometour.ca\/wp-content\/uploads\/2025\/08\/ridgeroad-2-1200x675-1-1024x576.jpg",1024,576,true],"1536x1536":["https:\/\/vkhhometour.ca\/wp-content\/uploads\/2025\/08\/ridgeroad-2-1200x675-1.jpg",1200,675,false],"2048x2048":["https:\/\/vkhhometour.ca\/wp-content\/uploads\/2025\/08\/ridgeroad-2-1200x675-1.jpg",1200,675,false],"woocommerce_thumbnail":["https:\/\/vkhhometour.ca\/wp-content\/uploads\/2025\/08\/ridgeroad-2-1200x675-1-300x300.jpg",300,300,true],"woocommerce_single":["https:\/\/vkhhometour.ca\/wp-content\/uploads\/2025\/08\/ridgeroad-2-1200x675-1-600x338.jpg",600,338,true],"woocommerce_gallery_thumbnail":["https:\/\/vkhhometour.ca\/wp-content\/uploads\/2025\/08\/ridgeroad-2-1200x675-1-100x100.jpg",100,100,true]},"uagb_author_info":{"display_name":"Sharon MacRae","author_link":"https:\/\/vkhhometour.ca\/fr\/author\/sharon\/"},"uagb_comment_info":0,"uagb_excerpt":"Navettes Faciliter votre journ\u00e9e ! Nous avons trois navettes qui circulent toute la journ\u00e9e pour emmener les visiteurs aux cinq maisons de la ville qui font partie du circuit et \u00e0 la sixi\u00e8me maison (la sixi\u00e8me maison se trouve juste \u00e0 l&rsquo;ext\u00e9rieur de la ville), ainsi qu&rsquo;\u00e0 The Review et au mus\u00e9e Vankleek Hill \u2014&hellip;","_links":{"self":[{"href":"https:\/\/vkhhometour.ca\/fr\/wp-json\/wp\/v2\/pages\/3524","targetHints":{"allow":["GET"]}}],"collection":[{"href":"https:\/\/vkhhometour.ca\/fr\/wp-json\/wp\/v2\/pages"}],"about":[{"href":"https:\/\/vkhhometour.ca\/fr\/wp-json\/wp\/v2\/types\/page"}],"author":[{"embeddable":true,"href":"https:\/\/vkhhometour.ca\/fr\/wp-json\/wp\/v2\/users\/1001003"}],"replies":[{"embeddable":true,"href":"https:\/\/vkhhometour.ca\/fr\/wp-json\/wp\/v2\/comments?post=3524"}],"version-history":[{"count":17,"href":"https:\/\/vkhhometour.ca\/fr\/wp-json\/wp\/v2\/pages\/3524\/revisions"}],"predecessor-version":[{"id":6637,"href":"https:\/\/vkhhometour.ca\/fr\/wp-json\/wp\/v2\/pages\/3524\/revisions\/6637"}],"wp:featuredmedia":[{"embeddable":true,"href":"https:\/\/vkhhometour.ca\/fr\/wp-json\/wp\/v2\/media\/4874"}],"wp:attachment":[{"href":"https:\/\/vkhhometour.ca\/fr\/wp-json\/wp\/v2\/media?parent=3524"}],"curies":[{"name":"wp","href":"https:\/\/api.w.org\/{rel}","templated":true}]}}