{"id":3513,"date":"2024-03-13T12:38:51","date_gmt":"2024-03-13T16:38:51","guid":{"rendered":"https:\/\/vkhhometour.mystagingwebsite.com\/places-to-eat\/"},"modified":"2025-11-01T19:33:21","modified_gmt":"2025-11-01T23:33:21","slug":"allons-manger-1","status":"publish","type":"page","link":"https:\/\/vkhhometour.ca\/fr\/allons-manger-1\/","title":{"rendered":"O\u00f9 manger"},"content":{"rendered":"\n<div class=\"wp-block-cover\" style=\"margin-top:0;margin-bottom:40px;padding-top:0%;padding-bottom:0%;min-height:250px;aspect-ratio:unset;\"><span aria-hidden=\"true\" class=\"wp-block-cover__background has-background-dim-10 has-background-dim\" style=\"background-color:#c09c82\"><\/span><img loading=\"lazy\" decoding=\"async\" width=\"1200\" height=\"675\" src=\"https:\/\/vkhhometour.ca\/wp-content\/uploads\/2025\/08\/ridgeroad-1200x675-1.jpg\" class=\"wp-block-cover__image-background wp-post-image\" alt=\"\" data-object-fit=\"cover\" data-object-position=\"50% 65%\" style=\"object-position:50% 65%;\" srcset=\"https:\/\/vkhhometour.ca\/wp-content\/uploads\/2025\/08\/ridgeroad-1200x675-1.jpg 1200w, https:\/\/vkhhometour.ca\/wp-content\/uploads\/2025\/08\/ridgeroad-1200x675-1-300x169.jpg 300w, https:\/\/vkhhometour.ca\/wp-content\/uploads\/2025\/08\/ridgeroad-1200x675-1-1024x576.jpg 1024w, https:\/\/vkhhometour.ca\/wp-content\/uploads\/2025\/08\/ridgeroad-1200x675-1-768x432.jpg 768w, https:\/\/vkhhometour.ca\/wp-content\/uploads\/2025\/08\/ridgeroad-1200x675-1-600x338.jpg 600w\" sizes=\"auto, (max-width: 1200px) 100vw, 1200px\" \/><div class=\"wp-block-cover__inner-container is-layout-constrained wp-container-core-cover-is-layout-05ead057 wp-block-cover-is-layout-constrained\">\n<p class=\"has-text-align-center has-large-font-size\"><\/p>\n<\/div><\/div>\n\n<p class=\"has-text-align-center\" style=\"text-transform:uppercase\"><strong>O\u00f9 manger<\/strong><\/p>\n\n<p class=\"has-text-align-center\" style=\"font-size:clamp(14px, 0.875rem + ((1vw - 3.2px) * 0.455), 18px);\">Des lieux de d\u00e9jeuner populaires pour 2025 ! Nous ne voulons pas que quelqu&rsquo;un reste longtemps sur sa faim le jour de la tourn\u00e9e !<\/p>\n\n<div style=\"height:10px\" aria-hidden=\"true\" class=\"wp-block-spacer\"><\/div>\n\n<hr class=\"wp-block-separator has-text-color has-primary-color has-alpha-channel-opacity has-primary-background-color has-background is-style-wide\" style=\"margin-top:0;margin-bottom:0\"\/>\n\n<div style=\"height:20px\" aria-hidden=\"true\" class=\"wp-block-spacer\"><\/div>\n\n<div class=\"wp-block-uagb-advanced-heading uagb-block-377b0adc\"><h2 class=\"uagb-heading-text\">Endroits o\u00f9 manger<\/h2><\/div>\n\n<div style=\"height:20px\" aria-hidden=\"true\" class=\"wp-block-spacer\"><\/div>\n\n<div class=\"wp-block-columns is-layout-flex wp-container-core-columns-is-layout-28f84493 wp-block-columns-is-layout-flex\">\n<div class=\"wp-block-column is-layout-flow wp-block-column-is-layout-flow\" style=\"flex-basis:100%\">\n<div class=\"wp-block-group is-layout-constrained wp-block-group-is-layout-constrained\">\n<p class=\"has-text-align-center has-background-color has-primary-background-color has-text-color has-background has-link-color wp-elements-81c3a3818011a745b848844c5cc2b8eb wp-container-content-69bc4bdf\"><strong>Nicko\u2019s Resto Bar<\/strong><\/p>\n\n\n\n<p class=\"wp-container-content-69bc4bdf\" style=\"padding-right:var(--wp--preset--spacing--30);padding-left:var(--wp--preset--spacing--30)\"><strong>Adresse : <\/strong>17 rue High, Vankleek Hill, ON K0B 1R0<br\/>(613) 678-3132<br\/><strong>Ouvert <\/strong>de 7h \u00e0 14h du mardi au dimanche <br\/><strong>Service : <\/strong>le petit-d\u00e9jeuner tout le journ\u00e9e, plus les offres de d\u00e9jeuner<\/p>\n<\/div>\n\n\n\n<div class=\"wp-block-group is-layout-constrained wp-block-group-is-layout-constrained\">\n<p class=\"has-text-align-center has-background-color has-primary-background-color has-text-color has-background has-link-color wp-elements-942340eb7f5763285d5d63d2cb01183d wp-container-content-69bc4bdf\"><strong>The Broken Kettle Bakery &amp; Barkery<\/strong><\/p>\n\n\n\n<p class=\"wp-container-content-69bc4bdf\" style=\"padding-right:var(--wp--preset--spacing--30);padding-left:var(--wp--preset--spacing--30)\"><strong>Addresse:<\/strong> 54 est, rue Main, Vankleek Hill, ON K0B 1R0<br\/>613.890.7848<br\/><strong>Ouvert <\/strong>de 9h \u00e0 16h du mardi au samedi<br\/><strong>Service :<\/strong> wraps, salades, caf\u00e9, desserts et glaces<\/p>\n<\/div>\n\n\n\n<div class=\"wp-block-group is-layout-constrained wp-block-group-is-layout-constrained\">\n<p class=\"has-text-align-center has-background-color has-primary-background-color has-text-color has-background has-link-color wp-elements-e61cd4b7d226a3654bc9aab8ae7076ff\"><strong>The One Eleven Eatery<\/strong><\/p>\n\n\n\n<p class=\"wp-container-content-69bc4bdf\" style=\"padding-right:var(--wp--preset--spacing--30);padding-left:var(--wp--preset--spacing--30)\"><strong>Address:<\/strong> 111 est, rue Main, Vankleek Hill, ON K0B 1R0<br\/>343.304.0822<br\/><strong>Ouvert <\/strong>du mercredi au vendredi de 10h \u00e0 16h et le samedi de 11h \u00e0 15h<br\/><strong>Service :<\/strong> soupes, sandwichs, salades, caf\u00e9 et p\u00e2tisseries<\/p>\n<\/div>\n<\/div>\n<\/div>\n\n<div style=\"height:10px\" aria-hidden=\"true\" class=\"wp-block-spacer\"><\/div>\n\n<hr class=\"wp-block-separator has-text-color has-primary-color has-alpha-channel-opacity has-primary-background-color has-background is-style-wide\" style=\"margin-top:0;margin-bottom:0\"\/>\n\n<div style=\"height:20px\" aria-hidden=\"true\" class=\"wp-block-spacer\"><\/div>\n\n<div class=\"wp-block-uagb-advanced-heading uagb-block-e0b69c44\"><h2 class=\"uagb-heading-text\">Repas \u00e0 l&rsquo;\u00e9glise<\/h2><\/div>\n\n<div style=\"height:20px\" aria-hidden=\"true\" class=\"wp-block-spacer\"><\/div>\n\n<div style=\"height:1px\" aria-hidden=\"true\" class=\"wp-block-spacer\"><\/div>\n\n<div class=\"wp-block-group is-layout-constrained wp-block-group-is-layout-constrained\">\n<p class=\"has-text-align-center has-background-color has-primary-background-color has-text-color has-background has-link-color wp-elements-7209a3629a56f2a07285add5b46ed2fb wp-container-content-69bc4bdf\"><strong><strong>\u00c9glise Knox Presbyterian<\/strong><\/strong><\/p>\n\n\n\n<p class=\"wp-container-content-69bc4bdf\" style=\"padding-right:var(--wp--preset--spacing--30);padding-left:var(--wp--preset--spacing--30)\"><strong>Address:<\/strong> 29 rue High, Vankleek Hill, ON K0B 1R0 <em>(dans la salle paroissiale)<\/em> <br\/><strong>Service : <\/strong>soupes, sandwichs, desserts, th\u00e9 et caf\u00e9<br\/><strong>Co\u00fbt : <\/strong>15 $<br\/>*Accessible<\/p>\n<\/div>\n\n<div class=\"wp-block-group is-layout-constrained wp-block-group-is-layout-constrained\">\n<p class=\"has-text-align-center has-background-color has-primary-background-color has-text-color has-background has-link-color wp-elements-50a85effa5c0b3986214a56c67d2f242 wp-container-content-69bc4bdf\"><strong><strong><strong>\u00c9glise Saint-Gr\u00e9goire<\/strong><\/strong><\/strong><\/p>\n\n\n\n<p class=\"wp-container-content-69bc4bdf\" style=\"padding-right:var(--wp--preset--spacing--30);padding-left:var(--wp--preset--spacing--30)\"><strong>Adresse : <\/strong>137 , rue Higginson, Vankleek Hill, ON K0B 1R0.<br\/><strong>Servir :<\/strong> Choix de soupe aux l\u00e9gumes, soupe \u00e0 l\u2019orge (barley), soupe aux pois, sandwichs assortis, condiments accompagn\u00e9s de fromage et la tarte aux pommes de grand-maman, th\u00e9, caf\u00e9, servi par les beaux hommes de Saint-Gr\u00e9goire.<br\/><strong>Co\u00fbt : <\/strong>$16.00<\/p>\n<\/div>\n\n<div class=\"wp-block-group is-layout-constrained wp-block-group-is-layout-constrained\">\n<p class=\"has-text-align-center has-background-color has-primary-background-color has-text-color has-background has-link-color wp-elements-7f49e9962ed91e3c86c151bdcabf2a09 wp-container-content-69bc4bdf\"><strong><strong>Windsor Tavern<\/strong><\/strong><\/p>\n\n\n\n<p class=\"wp-container-content-69bc4bdf\"><strong>Adresse :<\/strong> 84 Main Street East, Vankleek Hill, ON<strong><br\/>Service :<\/strong> Sandwich \u00e0 la dinde sur pain brioch\u00e9 (sauce aux canneberges \u00e0 part), accompagn\u00e9 d&rsquo;une soupe consistante. 11h30 \u00e0 14h (jusqu\u2019\u00e0 \u00e9puisement desstocks)<br\/><strong>Co\u00fbt:<\/strong> 16,50 $ plus taxes<\/p>\n<\/div>\n\n<div class=\"wp-block-group is-layout-constrained wp-block-group-is-layout-constrained\">\n<p class=\"has-text-align-center has-background-color has-primary-background-color has-text-color has-background has-link-color wp-elements-1880bb48ecc0063f682a6a41d88478d3\"><strong>Salle paroissiale de l&rsquo;\u00e9glise anglicane St. John&rsquo;s<\/strong><\/p>\n\n\n\n<p class=\"wp-container-content-69bc4bdf\" style=\"padding-right:var(--wp--preset--spacing--30);padding-left:var(--wp--preset--spacing--30)\"><strong>Adresse:<\/strong> 5845 route 34 (\u00e0 quelques pas de la rue Main).<br\/><strong>Service : <\/strong>Soupe maison, sandwichs et desserts, servis de 11 h \u00e0 15 h.<br\/><strong>Co\u00fbt : <\/strong>15 $ par personne.<\/p>\n<\/div>\n\n<div style=\"height:50px\" aria-hidden=\"true\" class=\"wp-block-spacer\"><\/div>\n","protected":false},"excerpt":{"rendered":"<p>O\u00f9 manger Des lieux de d\u00e9jeuner populaires pour 2025 ! Nous ne voulons pas que quelqu&rsquo;un reste longtemps sur sa faim le jour de la tourn\u00e9e ! Endroits o\u00f9 manger Nicko\u2019s Resto Bar Adresse : 17 rue High, Vankleek Hill, ON K0B 1R0(613) 678-3132Ouvert de 7h \u00e0 14h du mardi au dimanche Service : le&hellip;<\/p>\n","protected":false},"author":1001003,"featured_media":4880,"parent":0,"menu_order":0,"comment_status":"closed","ping_status":"closed","template":"","meta":{"_uag_custom_page_level_css":"","footnotes":""},"class_list":["post-3513","page","type-page","status-publish","has-post-thumbnail","hentry"],"uagb_featured_image_src":{"full":["https:\/\/vkhhometour.ca\/wp-content\/uploads\/2025\/08\/ridgeroad-1200x675-1.jpg",1200,675,false],"thumbnail":["https:\/\/vkhhometour.ca\/wp-content\/uploads\/2025\/08\/ridgeroad-1200x675-1-150x150.jpg",150,150,true],"medium":["https:\/\/vkhhometour.ca\/wp-content\/uploads\/2025\/08\/ridgeroad-1200x675-1-300x169.jpg",300,169,true],"medium_large":["https:\/\/vkhhometour.ca\/wp-content\/uploads\/2025\/08\/ridgeroad-1200x675-1-768x432.jpg",768,432,true],"large":["https:\/\/vkhhometour.ca\/wp-content\/uploads\/2025\/08\/ridgeroad-1200x675-1-1024x576.jpg",1024,576,true],"1536x1536":["https:\/\/vkhhometour.ca\/wp-content\/uploads\/2025\/08\/ridgeroad-1200x675-1.jpg",1200,675,false],"2048x2048":["https:\/\/vkhhometour.ca\/wp-content\/uploads\/2025\/08\/ridgeroad-1200x675-1.jpg",1200,675,false],"woocommerce_thumbnail":["https:\/\/vkhhometour.ca\/wp-content\/uploads\/2025\/08\/ridgeroad-1200x675-1-300x300.jpg",300,300,true],"woocommerce_single":["https:\/\/vkhhometour.ca\/wp-content\/uploads\/2025\/08\/ridgeroad-1200x675-1-600x338.jpg",600,338,true],"woocommerce_gallery_thumbnail":["https:\/\/vkhhometour.ca\/wp-content\/uploads\/2025\/08\/ridgeroad-1200x675-1-100x100.jpg",100,100,true]},"uagb_author_info":{"display_name":"Sharon MacRae","author_link":"https:\/\/vkhhometour.ca\/fr\/author\/sharon\/"},"uagb_comment_info":0,"uagb_excerpt":"O\u00f9 manger Des lieux de d\u00e9jeuner populaires pour 2025 ! Nous ne voulons pas que quelqu&rsquo;un reste longtemps sur sa faim le jour de la tourn\u00e9e ! Endroits o\u00f9 manger Nicko\u2019s Resto Bar Adresse : 17 rue High, Vankleek Hill, ON K0B 1R0(613) 678-3132Ouvert de 7h \u00e0 14h du mardi au dimanche Service : le&hellip;","_links":{"self":[{"href":"https:\/\/vkhhometour.ca\/fr\/wp-json\/wp\/v2\/pages\/3513","targetHints":{"allow":["GET"]}}],"collection":[{"href":"https:\/\/vkhhometour.ca\/fr\/wp-json\/wp\/v2\/pages"}],"about":[{"href":"https:\/\/vkhhometour.ca\/fr\/wp-json\/wp\/v2\/types\/page"}],"author":[{"embeddable":true,"href":"https:\/\/vkhhometour.ca\/fr\/wp-json\/wp\/v2\/users\/1001003"}],"replies":[{"embeddable":true,"href":"https:\/\/vkhhometour.ca\/fr\/wp-json\/wp\/v2\/comments?post=3513"}],"version-history":[{"count":32,"href":"https:\/\/vkhhometour.ca\/fr\/wp-json\/wp\/v2\/pages\/3513\/revisions"}],"predecessor-version":[{"id":6578,"href":"https:\/\/vkhhometour.ca\/fr\/wp-json\/wp\/v2\/pages\/3513\/revisions\/6578"}],"wp:featuredmedia":[{"embeddable":true,"href":"https:\/\/vkhhometour.ca\/fr\/wp-json\/wp\/v2\/media\/4880"}],"wp:attachment":[{"href":"https:\/\/vkhhometour.ca\/fr\/wp-json\/wp\/v2\/media?parent=3513"}],"curies":[{"name":"wp","href":"https:\/\/api.w.org\/{rel}","templated":true}]}}