{"id":3503,"date":"2024-03-13T10:44:56","date_gmt":"2024-03-13T14:44:56","guid":{"rendered":"https:\/\/vkhhometour.mystagingwebsite.com\/houses\/"},"modified":"2026-03-14T14:48:18","modified_gmt":"2026-03-14T18:48:18","slug":"maisons","status":"publish","type":"page","link":"https:\/\/vkhhometour.ca\/fr\/maisons\/","title":{"rendered":"Maisons"},"content":{"rendered":"\n<div class=\"wp-block-cover is-light\" style=\"margin-top:0;margin-bottom:40px;padding-top:0%;padding-bottom:0%;min-height:250px;aspect-ratio:unset;\"><span aria-hidden=\"true\" class=\"wp-block-cover__background has-background-dim-0 has-background-dim\" style=\"background-color:#836b5f\"><\/span><img loading=\"lazy\" decoding=\"async\" width=\"1200\" height=\"675\" src=\"https:\/\/vkhhometour.ca\/wp-content\/uploads\/2025\/08\/Higginson-1200x675-1.jpg\" class=\"wp-block-cover__image-background wp-post-image\" alt=\"\" data-object-fit=\"cover\" data-object-position=\"68% 38%\" style=\"object-position:68% 38%;\" srcset=\"https:\/\/vkhhometour.ca\/wp-content\/uploads\/2025\/08\/Higginson-1200x675-1.jpg 1200w, https:\/\/vkhhometour.ca\/wp-content\/uploads\/2025\/08\/Higginson-1200x675-1-300x169.jpg 300w, https:\/\/vkhhometour.ca\/wp-content\/uploads\/2025\/08\/Higginson-1200x675-1-1024x576.jpg 1024w, https:\/\/vkhhometour.ca\/wp-content\/uploads\/2025\/08\/Higginson-1200x675-1-768x432.jpg 768w, https:\/\/vkhhometour.ca\/wp-content\/uploads\/2025\/08\/Higginson-1200x675-1-600x338.jpg 600w\" sizes=\"auto, (max-width: 1200px) 100vw, 1200px\" \/><div class=\"wp-block-cover__inner-container is-layout-constrained wp-container-core-cover-is-layout-c62e5062 wp-block-cover-is-layout-constrained\">\n<p class=\"has-text-align-center has-large-font-size\"><\/p>\n<\/div><\/div>\n\n<p class=\"has-text-align-center is-style-default has-medium-font-size\" style=\"text-transform:uppercase\"><strong>2026: THE NEVER-EVER CHRISTMAS HOME TOUR!<\/strong><\/p>\n\n<p class=\"has-text-align-center\" style=\"font-size:clamp(14px, 0.875rem + ((1vw - 3.2px) * 0.455), 18px);\"><strong>This is the first time ever for each of these homes to be showcased<\/strong><br\/><strong> as part of the Christmas Home Tour!<\/strong><\/p>\n\n<p class=\"has-text-align-center has-small-font-size\">This year, funds from the Vankleek Hill Christmas Home Tour will be shared among six not-for-profit organizations. Recipients will be announced soon. <\/p>\n\n<div style=\"height:20px\" aria-hidden=\"true\" class=\"wp-block-spacer\"><\/div>\n\n\t\t\t<div class=\"wp-block-uagb-post-grid uagb-post-grid  uagb-post__image-position-top uagb-post__image-enabled uagb-block-df1fdf28     uagb-post__items uagb-post__columns-3 is-grid uagb-post__columns-tablet-2 uagb-post__columns-mobile-1 uagb-post__equal-height\" data-total=\"1\" style=\"\">\n\n\t\t\t\t\t\t\t\t\t\t\t\t<article class=\"uagb-post__inner-wrap\">\t\t\t\t\t\t\t\t<div class='uagb-post__image'>\n\t\t\t\t\t\t\t\t\t<a href=\"https:\/\/vkhhometour.ca\/fr\/44-rue-high\/\" target=\"_self\" rel=\"bookmark noopener noreferrer\" class='uagb-image-ratio-inherit'><img loading=\"lazy\" decoding=\"async\" width=\"1024\" height=\"720\" src=\"https:\/\/vkhhometour.ca\/wp-content\/uploads\/2025\/06\/29-Fraser-Street_edit-web-1024x720.jpg\" class=\"attachment-large size-large\" alt=\"\" srcset=\"https:\/\/vkhhometour.ca\/wp-content\/uploads\/2025\/06\/29-Fraser-Street_edit-web-1024x720.jpg 1024w, https:\/\/vkhhometour.ca\/wp-content\/uploads\/2025\/06\/29-Fraser-Street_edit-web-300x211.jpg 300w, https:\/\/vkhhometour.ca\/wp-content\/uploads\/2025\/06\/29-Fraser-Street_edit-web-768x540.jpg 768w, https:\/\/vkhhometour.ca\/wp-content\/uploads\/2025\/06\/29-Fraser-Street_edit-web-600x422.jpg 600w, https:\/\/vkhhometour.ca\/wp-content\/uploads\/2025\/06\/29-Fraser-Street_edit-web.jpg 1334w\" sizes=\"auto, (max-width: 1024px) 100vw, 1024px\" \/>\t\t\t\t\t<\/a>\n\t\t\t\t\t\t\t<\/div>\n\t\t\t\t\t\t<h4 class=\"uagb-post__title uagb-post__text\">\n\t\t\t\t<a href=\"https:\/\/vkhhometour.ca\/fr\/44-rue-high\/\" target=\"_self\" rel=\"bookmark noopener noreferrer\">29, rue Fraser, Vankleek Hill<\/a>\n\t\t\t<\/h4>\n\t\t\t\t\t\t<div class='uagb-post__text uagb-post-grid-byline'>\n\t\t\t\t\t\t\t<\/div>\n\t\t\t\t\t\t\t<div class='uagb-post__text uagb-post__excerpt'>\n\t\t\t\t\t<p>Du jamais vu lors de cette visite guid\u00e9e ! Cette demeure de l&rsquo;\u00e9poque victorienne a&#8230;\t\t\t\t<\/div>\n\t\t\t\t\t\t<div class=\"uagb-post__text uagb-post__cta wp-block-button\">\n\t\t\t\t<a class=\"wp-block-button__link uagb-text-link\" style=\"\" href=\"https:\/\/vkhhometour.ca\/fr\/44-rue-high\/\" target=\"_self\" rel=\"bookmark noopener noreferrer\">Lire la suite<\/a>\n\t\t\t<\/div>\n\t\t\t\n\t\t\t\t\t\t\t\t\t<\/article>\n\t\t\t\t\t\t\t\t\t\t\t\t\t\t\t\t<article class=\"uagb-post__inner-wrap\">\t\t\t\t\t\t\t\t<div class='uagb-post__image'>\n\t\t\t\t\t\t\t\t\t<a href=\"https:\/\/vkhhometour.ca\/fr\/134-rue-high\/\" target=\"_self\" rel=\"bookmark noopener noreferrer\" class='uagb-image-ratio-inherit'><img loading=\"lazy\" decoding=\"async\" width=\"1024\" height=\"768\" src=\"https:\/\/vkhhometour.ca\/wp-content\/uploads\/2025\/06\/2850-Cassburn-Road_edit-web-1024x768.jpg\" class=\"attachment-large size-large\" alt=\"\" srcset=\"https:\/\/vkhhometour.ca\/wp-content\/uploads\/2025\/06\/2850-Cassburn-Road_edit-web-1024x768.jpg 1024w, https:\/\/vkhhometour.ca\/wp-content\/uploads\/2025\/06\/2850-Cassburn-Road_edit-web-300x225.jpg 300w, https:\/\/vkhhometour.ca\/wp-content\/uploads\/2025\/06\/2850-Cassburn-Road_edit-web-768x576.jpg 768w, https:\/\/vkhhometour.ca\/wp-content\/uploads\/2025\/06\/2850-Cassburn-Road_edit-web-600x450.jpg 600w, https:\/\/vkhhometour.ca\/wp-content\/uploads\/2025\/06\/2850-Cassburn-Road_edit-web.jpg 1251w\" sizes=\"auto, (max-width: 1024px) 100vw, 1024px\" \/>\t\t\t\t\t<\/a>\n\t\t\t\t\t\t\t<\/div>\n\t\t\t\t\t\t<h4 class=\"uagb-post__title uagb-post__text\">\n\t\t\t\t<a href=\"https:\/\/vkhhometour.ca\/fr\/134-rue-high\/\" target=\"_self\" rel=\"bookmark noopener noreferrer\">2850, chemin Cassburn, Vankleek Hill<\/a>\n\t\t\t<\/h4>\n\t\t\t\t\t\t<div class='uagb-post__text uagb-post-grid-byline'>\n\t\t\t\t\t\t\t<\/div>\n\t\t\t\t\t\t\t<div class='uagb-post__text uagb-post__excerpt'>\n\t\t\t\t\t<p>Du jamais vu dans notre circuit ! Une maison digne d&rsquo;une carte de No\u00ebl !&#8230;\t\t\t\t<\/div>\n\t\t\t\t\t\t<div class=\"uagb-post__text uagb-post__cta wp-block-button\">\n\t\t\t\t<a class=\"wp-block-button__link uagb-text-link\" style=\"\" href=\"https:\/\/vkhhometour.ca\/fr\/134-rue-high\/\" target=\"_self\" rel=\"bookmark noopener noreferrer\">Lire la suite<\/a>\n\t\t\t<\/div>\n\t\t\t\n\t\t\t\t\t\t\t\t\t<\/article>\n\t\t\t\t\t\t\t\t\t\t\t\t\t\t\t\t<article class=\"uagb-post__inner-wrap\">\t\t\t\t\t\t\t\t<div class='uagb-post__image'>\n\t\t\t\t\t\t\t\t\t<a href=\"https:\/\/vkhhometour.ca\/fr\/2926-chemin-cassburn\/\" target=\"_self\" rel=\"bookmark noopener noreferrer\" class='uagb-image-ratio-inherit'><img loading=\"lazy\" decoding=\"async\" width=\"1024\" height=\"756\" src=\"https:\/\/vkhhometour.ca\/wp-content\/uploads\/2025\/08\/25-Jay-Street_edit-web-1024x756.jpg\" class=\"attachment-large size-large\" alt=\"\" srcset=\"https:\/\/vkhhometour.ca\/wp-content\/uploads\/2025\/08\/25-Jay-Street_edit-web-1024x756.jpg 1024w, https:\/\/vkhhometour.ca\/wp-content\/uploads\/2025\/08\/25-Jay-Street_edit-web-300x222.jpg 300w, https:\/\/vkhhometour.ca\/wp-content\/uploads\/2025\/08\/25-Jay-Street_edit-web-768x567.jpg 768w, https:\/\/vkhhometour.ca\/wp-content\/uploads\/2025\/08\/25-Jay-Street_edit-web-600x443.jpg 600w, https:\/\/vkhhometour.ca\/wp-content\/uploads\/2025\/08\/25-Jay-Street_edit-web.jpg 1250w\" sizes=\"auto, (max-width: 1024px) 100vw, 1024px\" \/>\t\t\t\t\t<\/a>\n\t\t\t\t\t\t\t<\/div>\n\t\t\t\t\t\t<h4 class=\"uagb-post__title uagb-post__text\">\n\t\t\t\t<a href=\"https:\/\/vkhhometour.ca\/fr\/2926-chemin-cassburn\/\" target=\"_self\" rel=\"bookmark noopener noreferrer\">25, rue Jay, Vankleek Hill<\/a>\n\t\t\t<\/h4>\n\t\t\t\t\t\t<div class='uagb-post__text uagb-post-grid-byline'>\n\t\t\t\t\t\t\t<\/div>\n\t\t\t\t\t\t\t<div class='uagb-post__text uagb-post__excerpt'>\n\t\t\t\t\t<p>C&rsquo;est la premi\u00e8re fois que cette maison est pr\u00e9sent\u00e9e lors de la visite guid\u00e9e !&#8230;\t\t\t\t<\/div>\n\t\t\t\t\t\t<div class=\"uagb-post__text uagb-post__cta wp-block-button\">\n\t\t\t\t<a class=\"wp-block-button__link uagb-text-link\" style=\"\" href=\"https:\/\/vkhhometour.ca\/fr\/2926-chemin-cassburn\/\" target=\"_self\" rel=\"bookmark noopener noreferrer\">Lire la suite<\/a>\n\t\t\t<\/div>\n\t\t\t\n\t\t\t\t\t\t\t\t\t<\/article>\n\t\t\t\t\t\t\t\t\t\t\t\t\t\t\t\t<article class=\"uagb-post__inner-wrap\">\t\t\t\t\t\t\t\t<div class='uagb-post__image'>\n\t\t\t\t\t\t\t\t\t<a href=\"https:\/\/vkhhometour.ca\/fr\/29-rue-stanley\/\" target=\"_self\" rel=\"bookmark noopener noreferrer\" class='uagb-image-ratio-inherit'><img loading=\"lazy\" decoding=\"async\" width=\"1024\" height=\"735\" src=\"https:\/\/vkhhometour.ca\/wp-content\/uploads\/2025\/06\/30-Fraser-Street_edit-web-2-1024x735.jpg\" class=\"attachment-large size-large\" alt=\"\" srcset=\"https:\/\/vkhhometour.ca\/wp-content\/uploads\/2025\/06\/30-Fraser-Street_edit-web-2-1024x735.jpg 1024w, https:\/\/vkhhometour.ca\/wp-content\/uploads\/2025\/06\/30-Fraser-Street_edit-web-2-300x215.jpg 300w, https:\/\/vkhhometour.ca\/wp-content\/uploads\/2025\/06\/30-Fraser-Street_edit-web-2-768x551.jpg 768w, https:\/\/vkhhometour.ca\/wp-content\/uploads\/2025\/06\/30-Fraser-Street_edit-web-2-600x431.jpg 600w, https:\/\/vkhhometour.ca\/wp-content\/uploads\/2025\/06\/30-Fraser-Street_edit-web-2.jpg 1244w\" sizes=\"auto, (max-width: 1024px) 100vw, 1024px\" \/>\t\t\t\t\t<\/a>\n\t\t\t\t\t\t\t<\/div>\n\t\t\t\t\t\t<h4 class=\"uagb-post__title uagb-post__text\">\n\t\t\t\t<a href=\"https:\/\/vkhhometour.ca\/fr\/29-rue-stanley\/\" target=\"_self\" rel=\"bookmark noopener noreferrer\">30, rue Fraser, Vankleek Hill<\/a>\n\t\t\t<\/h4>\n\t\t\t\t\t\t<div class='uagb-post__text uagb-post-grid-byline'>\n\t\t\t\t\t\t\t<\/div>\n\t\t\t\t\t\t\t<div class='uagb-post__text uagb-post__excerpt'>\n\t\t\t\t\t<p>Du jamais vu dans cette visite guid\u00e9e ! Cette maison a \u00e9t\u00e9 vendue r\u00e9cemment et&#8230;\t\t\t\t<\/div>\n\t\t\t\t\t\t<div class=\"uagb-post__text uagb-post__cta wp-block-button\">\n\t\t\t\t<a class=\"wp-block-button__link uagb-text-link\" style=\"\" href=\"https:\/\/vkhhometour.ca\/fr\/29-rue-stanley\/\" target=\"_self\" rel=\"bookmark noopener noreferrer\">Lire la suite<\/a>\n\t\t\t<\/div>\n\t\t\t\n\t\t\t\t\t\t\t\t\t<\/article>\n\t\t\t\t\t\t\t\t\t\t\t\t\t\t\t\t<article class=\"uagb-post__inner-wrap\">\t\t\t\t\t\t\t\t<div class='uagb-post__image'>\n\t\t\t\t\t\t\t\t\t<a href=\"https:\/\/vkhhometour.ca\/fr\/107-rue-higginson\/\" target=\"_self\" rel=\"bookmark noopener noreferrer\" class='uagb-image-ratio-inherit'><img loading=\"lazy\" decoding=\"async\" width=\"1024\" height=\"765\" src=\"https:\/\/vkhhometour.ca\/wp-content\/uploads\/2025\/06\/2675-Graham-Road_edit-web-1-1024x765.jpg\" class=\"attachment-large size-large\" alt=\"\" srcset=\"https:\/\/vkhhometour.ca\/wp-content\/uploads\/2025\/06\/2675-Graham-Road_edit-web-1-1024x765.jpg 1024w, https:\/\/vkhhometour.ca\/wp-content\/uploads\/2025\/06\/2675-Graham-Road_edit-web-1-300x224.jpg 300w, https:\/\/vkhhometour.ca\/wp-content\/uploads\/2025\/06\/2675-Graham-Road_edit-web-1-768x574.jpg 768w, https:\/\/vkhhometour.ca\/wp-content\/uploads\/2025\/06\/2675-Graham-Road_edit-web-1-600x448.jpg 600w, https:\/\/vkhhometour.ca\/wp-content\/uploads\/2025\/06\/2675-Graham-Road_edit-web-1.jpg 1251w\" sizes=\"auto, (max-width: 1024px) 100vw, 1024px\" \/>\t\t\t\t\t<\/a>\n\t\t\t\t\t\t\t<\/div>\n\t\t\t\t\t\t<h4 class=\"uagb-post__title uagb-post__text\">\n\t\t\t\t<a href=\"https:\/\/vkhhometour.ca\/fr\/107-rue-higginson\/\" target=\"_self\" rel=\"bookmark noopener noreferrer\">2675, chemin Graham, L&rsquo;Orignal<\/a>\n\t\t\t<\/h4>\n\t\t\t\t\t\t<div class='uagb-post__text uagb-post-grid-byline'>\n\t\t\t\t\t\t\t<\/div>\n\t\t\t\t\t\t\t<div class='uagb-post__text uagb-post__excerpt'>\n\t\t\t\t\t<p>C&rsquo;est une premi\u00e8re dans le circuit des visites immobili\u00e8res ! Nous ne pouvions tout simplement&#8230;\t\t\t\t<\/div>\n\t\t\t\t\t\t<div class=\"uagb-post__text uagb-post__cta wp-block-button\">\n\t\t\t\t<a class=\"wp-block-button__link uagb-text-link\" style=\"\" href=\"https:\/\/vkhhometour.ca\/fr\/107-rue-higginson\/\" target=\"_self\" rel=\"bookmark noopener noreferrer\">Lire la suite<\/a>\n\t\t\t<\/div>\n\t\t\t\n\t\t\t\t\t\t\t\t\t<\/article>\n\t\t\t\t\t\t\t\t\t\t\t\t\t\t\t\t<article class=\"uagb-post__inner-wrap\">\t\t\t\t\t\t\t\t<h4 class=\"uagb-post__title uagb-post__text\">\n\t\t\t\t<a href=\"https:\/\/vkhhometour.ca\/fr\/140-rue-high\/\" target=\"_self\" rel=\"bookmark noopener noreferrer\">29, rue Hamil, Vankleek Hill<\/a>\n\t\t\t<\/h4>\n\t\t\t\t\t\t<div class='uagb-post__text uagb-post-grid-byline'>\n\t\t\t\t\t\t\t<\/div>\n\t\t\t\t\t\t\t<div class='uagb-post__text uagb-post__excerpt'>\n\t\t\t\t\t<p>Du jamais vu dans cette tourn\u00e9e ! Voici une nouvelle version d&rsquo;une maison ancienne, vendue&#8230;\t\t\t\t<\/div>\n\t\t\t\t\t\t<div class=\"uagb-post__text uagb-post__cta wp-block-button\">\n\t\t\t\t<a class=\"wp-block-button__link uagb-text-link\" style=\"\" href=\"https:\/\/vkhhometour.ca\/fr\/140-rue-high\/\" target=\"_self\" rel=\"bookmark noopener noreferrer\">Lire la suite<\/a>\n\t\t\t<\/div>\n\t\t\t\n\t\t\t\t\t\t\t\t\t<\/article>\n\t\t\t\t\t\t\t\t\t\t\t<\/div>\n\t\t\t\n<div style=\"height:20px\" aria-hidden=\"true\" class=\"wp-block-spacer\"><\/div>\n\n<p style=\"font-size:14px\"><strong>A NOTER :<\/strong><\/p>\n\n<ol style=\"font-size:14px\" class=\"wp-block-list\">\n<li>Il vous sera demand\u00e9 d\u2019enlever vos chaussures avant de visiter chaque maison.<br\/>Un sac sera fourni pour vos chaussures. N&rsquo;h\u00e9sitez pas \u00e0 apporter des pantoufles de rechange ou d&rsquo;autres chaussures souples si vous devez porter un couvre-pied. Pour respecter les maisons et les sols, nous vous demandons de coop\u00e9rer.<\/li>\n\n\n\n<li>Aucune photographie n&rsquo;est autoris\u00e9e \u00e0 l&rsquo;int\u00e9rieur des maisons pendant la visite. Veuillez respecter la vie priv\u00e9e des propri\u00e9taires.<\/li>\n\n\n\n<li>Des toilettes sont disponibles aux endroits suivants: The Review, dans les restaurants locaux, dans les salles paroissiales et au centre communautaire de Vankleek Hill. Les toilettes situ\u00e9es \u00e0 l&rsquo;int\u00e9rieur des maisons ne sont pas accessibles au public le jour de la visite.<\/li>\n\n\n\n<li>Comme il s&rsquo;agit d&rsquo;un \u00e9v\u00e9nement tr\u00e8s fr\u00e9quent\u00e9 o\u00f9 l&rsquo;espace int\u00e9rieur peut \u00eatre limit\u00e9, les poussettes ne sont pas autoris\u00e9es pour des raisons de s\u00e9curit\u00e9.<\/li>\n\n\n\n<li>Nous vous rappelons \u00e9galement qu&rsquo;en raison de la pr\u00e9sence d&rsquo;escaliers, de marches et d&rsquo;entr\u00e9es irr\u00e9guli\u00e8res, nous avons le regret de vous informer que cet \u00e9v\u00e9nement n&rsquo;est pas totalement accessible aux fauteuils roulants et n&rsquo;est pas adapt\u00e9 aux personnes qui ont besoin d&rsquo;un d\u00e9ambulateur.<\/li>\n<\/ol>\n\n<p style=\"font-size:clamp(14px, 0.875rem + ((1vw - 3.2px) * 0.227), 16px);\"><strong>Merci de votre collaboration ! Nos propri\u00e9taires l&rsquo;appr\u00e9cient !<\/strong><\/p>\n\n<div style=\"height:20px\" aria-hidden=\"true\" class=\"wp-block-spacer\"><\/div>\n","protected":false},"excerpt":{"rendered":"<p>2026: THE NEVER-EVER CHRISTMAS HOME TOUR! This is the first time ever for each of these homes to be showcased as part of the Christmas Home Tour! This year, funds from the Vankleek Hill Christmas Home Tour will be shared among six not-for-profit organizations. Recipients will be announced soon. A NOTER : Merci de votre&hellip;<\/p>\n","protected":false},"author":1001125,"featured_media":4857,"parent":0,"menu_order":0,"comment_status":"closed","ping_status":"closed","template":"","meta":{"_uag_custom_page_level_css":"","footnotes":""},"class_list":["post-3503","page","type-page","status-publish","has-post-thumbnail","hentry"],"uagb_featured_image_src":{"full":["https:\/\/vkhhometour.ca\/wp-content\/uploads\/2025\/08\/Higginson-1200x675-1.jpg",1200,675,false],"thumbnail":["https:\/\/vkhhometour.ca\/wp-content\/uploads\/2025\/08\/Higginson-1200x675-1-150x150.jpg",150,150,true],"medium":["https:\/\/vkhhometour.ca\/wp-content\/uploads\/2025\/08\/Higginson-1200x675-1-300x169.jpg",300,169,true],"medium_large":["https:\/\/vkhhometour.ca\/wp-content\/uploads\/2025\/08\/Higginson-1200x675-1-768x432.jpg",768,432,true],"large":["https:\/\/vkhhometour.ca\/wp-content\/uploads\/2025\/08\/Higginson-1200x675-1-1024x576.jpg",1024,576,true],"1536x1536":["https:\/\/vkhhometour.ca\/wp-content\/uploads\/2025\/08\/Higginson-1200x675-1.jpg",1200,675,false],"2048x2048":["https:\/\/vkhhometour.ca\/wp-content\/uploads\/2025\/08\/Higginson-1200x675-1.jpg",1200,675,false],"woocommerce_thumbnail":["https:\/\/vkhhometour.ca\/wp-content\/uploads\/2025\/08\/Higginson-1200x675-1-300x300.jpg",300,300,true],"woocommerce_single":["https:\/\/vkhhometour.ca\/wp-content\/uploads\/2025\/08\/Higginson-1200x675-1-600x338.jpg",600,338,true],"woocommerce_gallery_thumbnail":["https:\/\/vkhhometour.ca\/wp-content\/uploads\/2025\/08\/Higginson-1200x675-1-100x100.jpg",100,100,true]},"uagb_author_info":{"display_name":"jbg_consult","author_link":"https:\/\/vkhhometour.ca\/fr\/author\/josef\/"},"uagb_comment_info":0,"uagb_excerpt":"2026: THE NEVER-EVER CHRISTMAS HOME TOUR! This is the first time ever for each of these homes to be showcased as part of the Christmas Home Tour! This year, funds from the Vankleek Hill Christmas Home Tour will be shared among six not-for-profit organizations. Recipients will be announced soon. A NOTER : Merci de votre&hellip;","_links":{"self":[{"href":"https:\/\/vkhhometour.ca\/fr\/wp-json\/wp\/v2\/pages\/3503","targetHints":{"allow":["GET"]}}],"collection":[{"href":"https:\/\/vkhhometour.ca\/fr\/wp-json\/wp\/v2\/pages"}],"about":[{"href":"https:\/\/vkhhometour.ca\/fr\/wp-json\/wp\/v2\/types\/page"}],"author":[{"embeddable":true,"href":"https:\/\/vkhhometour.ca\/fr\/wp-json\/wp\/v2\/users\/1001125"}],"replies":[{"embeddable":true,"href":"https:\/\/vkhhometour.ca\/fr\/wp-json\/wp\/v2\/comments?post=3503"}],"version-history":[{"count":19,"href":"https:\/\/vkhhometour.ca\/fr\/wp-json\/wp\/v2\/pages\/3503\/revisions"}],"predecessor-version":[{"id":6698,"href":"https:\/\/vkhhometour.ca\/fr\/wp-json\/wp\/v2\/pages\/3503\/revisions\/6698"}],"wp:featuredmedia":[{"embeddable":true,"href":"https:\/\/vkhhometour.ca\/fr\/wp-json\/wp\/v2\/media\/4857"}],"wp:attachment":[{"href":"https:\/\/vkhhometour.ca\/fr\/wp-json\/wp\/v2\/media?parent=3503"}],"curies":[{"name":"wp","href":"https:\/\/api.w.org\/{rel}","templated":true}]}}